{"id":2,"date":"2024-05-12T21:02:18","date_gmt":"2024-05-12T19:02:18","guid":{"rendered":"https:\/\/shadowoffear.net\/nms\/?page_id=2"},"modified":"2024-05-23T13:24:42","modified_gmt":"2024-05-23T11:24:42","slug":"beispiel-seite","status":"publish","type":"page","link":"https:\/\/shadowoffear.net\/nms\/beispiel-seite\/","title":{"rendered":"Schatten der Angst"},"content":{"rendered":"\n<p>f\u00fchrt durch eine interaktive Geschichte. Protagonisten und Orte sind No Man&#8217;s Sky entnommen. Der Leser wandelt auf den Fu\u00dfabdr\u00fccken eines Reisenden und sieht im Text durch dessen Augen, was sp\u00e4ter im eigenen Raumschiff und auf den Planeten nachvollzogen werden kann. Hierbei wird unser Reisender vor Aufgaben gestellt um weitere Kapitel auf diesem Blog freizuschalten. Die einzelnen Kapitel f\u00fchren zu unbekannten, oft gef\u00e4hrlichen Orten in denen sich die Reisenden in vielerlei Hinsicht beweisen m\u00fcssen um weiterzukommen oder eine weitere Idee des Hintergrundes zu entschl\u00fcsseln.<\/p>\n\n\n\n<div class=\"wp-block-query is-layout-flow wp-block-query-is-layout-flow\">\n<div class=\"wp-block-media-text is-stacked-on-mobile\"><figure class=\"wp-block-media-text__media\"><img loading=\"lazy\" decoding=\"async\" width=\"1024\" height=\"576\" src=\"https:\/\/shadowoffear.net\/nms\/wp-content\/uploads\/2024\/05\/Monolith-1024x576.png\" alt=\"\" class=\"wp-image-73 size-full\" srcset=\"https:\/\/shadowoffear.net\/nms\/wp-content\/uploads\/2024\/05\/Monolith-1024x576.png 1024w, https:\/\/shadowoffear.net\/nms\/wp-content\/uploads\/2024\/05\/Monolith-300x169.png 300w, https:\/\/shadowoffear.net\/nms\/wp-content\/uploads\/2024\/05\/Monolith-768x432.png 768w, https:\/\/shadowoffear.net\/nms\/wp-content\/uploads\/2024\/05\/Monolith-1536x864.png 1536w, https:\/\/shadowoffear.net\/nms\/wp-content\/uploads\/2024\/05\/Monolith-1240x698.png 1240w, https:\/\/shadowoffear.net\/nms\/wp-content\/uploads\/2024\/05\/Monolith-508x286.png 508w, https:\/\/shadowoffear.net\/nms\/wp-content\/uploads\/2024\/05\/Monolith.png 1920w\" sizes=\"auto, (max-width: 1024px) 100vw, 1024px\" \/><\/figure><div class=\"wp-block-media-text__content\">\n<p class=\"has-large-font-size\"><strong><a href=\"https:\/\/shadowoffear.net\/nms\/2024\/05\/21\/01-prolog\/\">01 &#8211; Prolog<\/a><\/strong><\/p>\n<\/div><\/div>\n<\/div>\n\n\n\n<div class=\"wp-block-media-text is-stacked-on-mobile\"><figure class=\"wp-block-media-text__media\"><img loading=\"lazy\" decoding=\"async\" width=\"1024\" height=\"576\" src=\"https:\/\/shadowoffear.net\/nms\/wp-content\/uploads\/2024\/05\/Bild-002-1024x576.jpg\" alt=\"\" class=\"wp-image-76 size-full\" srcset=\"https:\/\/shadowoffear.net\/nms\/wp-content\/uploads\/2024\/05\/Bild-002-1024x576.jpg 1024w, https:\/\/shadowoffear.net\/nms\/wp-content\/uploads\/2024\/05\/Bild-002-300x169.jpg 300w, https:\/\/shadowoffear.net\/nms\/wp-content\/uploads\/2024\/05\/Bild-002-768x432.jpg 768w, https:\/\/shadowoffear.net\/nms\/wp-content\/uploads\/2024\/05\/Bild-002-1536x864.jpg 1536w, https:\/\/shadowoffear.net\/nms\/wp-content\/uploads\/2024\/05\/Bild-002-1240x698.jpg 1240w, https:\/\/shadowoffear.net\/nms\/wp-content\/uploads\/2024\/05\/Bild-002-508x286.jpg 508w, https:\/\/shadowoffear.net\/nms\/wp-content\/uploads\/2024\/05\/Bild-002.jpg 1920w\" sizes=\"auto, (max-width: 1024px) 100vw, 1024px\" \/><\/figure><div class=\"wp-block-media-text__content\">\n<p class=\"has-large-font-size\"><strong><a href=\"https:\/\/shadowoffear.net\/nms\/2024\/05\/21\/02-raumfahrergarn\/\" data-type=\"link\" data-id=\"https:\/\/shadowoffear.net\/nms\/2024\/05\/21\/02-raumfahrergarn\/\">02 &#8211; Raumfahrergarn<\/a><\/strong><\/p>\n<\/div><\/div>\n\n\n\n<div class=\"wp-block-media-text is-stacked-on-mobile\"><figure class=\"wp-block-media-text__media\"><img loading=\"lazy\" decoding=\"async\" width=\"1024\" height=\"576\" src=\"https:\/\/shadowoffear.net\/nms\/wp-content\/uploads\/2024\/05\/Unterwasserruine-2-1024x576.jpg\" alt=\"\" class=\"wp-image-112 size-full\" srcset=\"https:\/\/shadowoffear.net\/nms\/wp-content\/uploads\/2024\/05\/Unterwasserruine-2-1024x576.jpg 1024w, https:\/\/shadowoffear.net\/nms\/wp-content\/uploads\/2024\/05\/Unterwasserruine-2-300x169.jpg 300w, https:\/\/shadowoffear.net\/nms\/wp-content\/uploads\/2024\/05\/Unterwasserruine-2-768x432.jpg 768w, https:\/\/shadowoffear.net\/nms\/wp-content\/uploads\/2024\/05\/Unterwasserruine-2-1536x864.jpg 1536w, https:\/\/shadowoffear.net\/nms\/wp-content\/uploads\/2024\/05\/Unterwasserruine-2-1240x698.jpg 1240w, https:\/\/shadowoffear.net\/nms\/wp-content\/uploads\/2024\/05\/Unterwasserruine-2-508x286.jpg 508w, https:\/\/shadowoffear.net\/nms\/wp-content\/uploads\/2024\/05\/Unterwasserruine-2.jpg 1920w\" sizes=\"auto, (max-width: 1024px) 100vw, 1024px\" \/><\/figure><div class=\"wp-block-media-text__content\">\n<p class=\"has-large-font-size\"><strong><a href=\"https:\/\/shadowoffear.net\/nms\/2024\/05\/21\/03-nautilus-prime\/\" data-type=\"link\" data-id=\"https:\/\/shadowoffear.net\/nms\/2024\/05\/21\/03-nautilus-prime\/\">03 &#8211; Nautilus Prime<\/a><\/strong><\/p>\n<\/div><\/div>\n\n\n\n<div class=\"wp-block-media-text is-stacked-on-mobile\"><figure class=\"wp-block-media-text__media\"><img loading=\"lazy\" decoding=\"async\" width=\"1024\" height=\"553\" src=\"https:\/\/shadowoffear.net\/nms\/wp-content\/uploads\/2024\/05\/Grosses-Archiv-1-1024x553.jpg\" alt=\"\" class=\"wp-image-122 size-full\" srcset=\"https:\/\/shadowoffear.net\/nms\/wp-content\/uploads\/2024\/05\/Grosses-Archiv-1-1024x553.jpg 1024w, https:\/\/shadowoffear.net\/nms\/wp-content\/uploads\/2024\/05\/Grosses-Archiv-1-300x162.jpg 300w, https:\/\/shadowoffear.net\/nms\/wp-content\/uploads\/2024\/05\/Grosses-Archiv-1-768x415.jpg 768w, https:\/\/shadowoffear.net\/nms\/wp-content\/uploads\/2024\/05\/Grosses-Archiv-1-1536x830.jpg 1536w, https:\/\/shadowoffear.net\/nms\/wp-content\/uploads\/2024\/05\/Grosses-Archiv-1-1240x670.jpg 1240w, https:\/\/shadowoffear.net\/nms\/wp-content\/uploads\/2024\/05\/Grosses-Archiv-1-508x274.jpg 508w, https:\/\/shadowoffear.net\/nms\/wp-content\/uploads\/2024\/05\/Grosses-Archiv-1.jpg 1920w\" sizes=\"auto, (max-width: 1024px) 100vw, 1024px\" \/><\/figure><div class=\"wp-block-media-text__content\">\n<p class=\"has-large-font-size\"><strong><a href=\"https:\/\/shadowoffear.net\/nms\/2024\/05\/23\/04-die-archive-des-schicksals\/\" data-type=\"link\" data-id=\"https:\/\/shadowoffear.net\/nms\/2024\/05\/23\/04-die-archive-des-schicksals\/\">04 &#8211; Die Archive des Schicksals<\/a><\/strong><\/p>\n<\/div><\/div>\n","protected":false},"excerpt":{"rendered":"<p>f\u00fchrt durch eine interaktive Geschichte. Protagonisten und Orte sind No Man&#8217;s Sky entnommen. Der Leser wandelt auf den Fu\u00dfabdr\u00fccken eines Reisenden und sieht im Text durch dessen Augen, was sp\u00e4ter im eigenen Raumschiff und auf den Planeten nachvollzogen werden kann. Hierbei wird unser Reisender vor Aufgaben gestellt um weitere Kapitel auf diesem Blog freizuschalten. Die [&hellip;]<\/p>\n","protected":false},"author":2,"featured_media":14,"parent":0,"menu_order":2,"comment_status":"closed","ping_status":"open","template":"","meta":{"footnotes":""},"class_list":["post-2","page","type-page","status-publish","has-post-thumbnail","hentry"],"_links":{"self":[{"href":"https:\/\/shadowoffear.net\/nms\/wp-json\/wp\/v2\/pages\/2","targetHints":{"allow":["GET"]}}],"collection":[{"href":"https:\/\/shadowoffear.net\/nms\/wp-json\/wp\/v2\/pages"}],"about":[{"href":"https:\/\/shadowoffear.net\/nms\/wp-json\/wp\/v2\/types\/page"}],"author":[{"embeddable":true,"href":"https:\/\/shadowoffear.net\/nms\/wp-json\/wp\/v2\/users\/2"}],"replies":[{"embeddable":true,"href":"https:\/\/shadowoffear.net\/nms\/wp-json\/wp\/v2\/comments?post=2"}],"version-history":[{"count":7,"href":"https:\/\/shadowoffear.net\/nms\/wp-json\/wp\/v2\/pages\/2\/revisions"}],"predecessor-version":[{"id":156,"href":"https:\/\/shadowoffear.net\/nms\/wp-json\/wp\/v2\/pages\/2\/revisions\/156"}],"wp:featuredmedia":[{"embeddable":true,"href":"https:\/\/shadowoffear.net\/nms\/wp-json\/wp\/v2\/media\/14"}],"wp:attachment":[{"href":"https:\/\/shadowoffear.net\/nms\/wp-json\/wp\/v2\/media?parent=2"}],"curies":[{"name":"wp","href":"https:\/\/api.w.org\/{rel}","templated":true}]}}